{"id":813,"date":"2019-10-22T17:52:05","date_gmt":"2019-10-22T17:52:05","guid":{"rendered":"https:\/\/www.pourtantlavie.org\/?page_id=813"},"modified":"2026-03-12T11:08:52","modified_gmt":"2026-03-12T11:08:52","slug":"groupe-dentraide-pour-personnes-endeuillees","status":"publish","type":"page","link":"https:\/\/www.pourtantlavie.org\/index.php\/groupe-dentraide-pour-personnes-endeuillees\/","title":{"rendered":"Aide aux personnes endeuill\u00e9es."},"content":{"rendered":"\n<p class=\"has-black-color has-pale-cyan-blue-background-color has-text-color has-background\" style=\"font-size:28px\">Entretien d&rsquo;aide avec une personne endeuill\u00e9e :<\/p>\n\n\n\n<div class=\"wp-block-columns is-layout-flex wp-container-core-columns-is-layout-9d6595d7 wp-block-columns-is-layout-flex\">\n<div class=\"wp-block-column is-layout-flow wp-block-column-is-layout-flow\">\n<p>L\u2019association Pourtant la vie propose des <strong>entretiens d\u2019aide destin\u00e9s \u00e0 des personnes endeuill\u00e9es adultes, quels que soient le lien \u00e0 la personne d\u00e9c\u00e9d\u00e9e et la raison de son d\u00e9c\u00e8s<\/strong>.<\/p>\n\n\n\n<p>Ces entretiens sont offerts soit&nbsp; avant l\u2019int\u00e9gration d\u2019un groupe d\u2019entraide, dans le cadre d\u2019entretiens&nbsp; pr\u00e9alables et pour aider la personne \u00e0 cheminer en attendant l\u2019admission dans le groupe, ou &nbsp;bien, en attendant un suivi institutionnel par exemple avec le CMP, ou bien, dans le cadre d\u2019un accompagnement individuel du deuil.<\/p>\n\n\n\n<p>Le cadre mis en place par notre association permet \u00e0 la personne endeuill\u00e9e de s\u2019exprimer en toute s\u00e9curit\u00e9, aupr\u00e8s de <strong>b\u00e9n\u00e9voles form\u00e9s et exp\u00e9riment\u00e9s, tant au niveau de l\u2019\u00e9coute que du deuil<\/strong>, dans les conditions suivantes&nbsp;:<\/p>\n\n\n\n<p><strong>&#8211; Maximum sauf exception, 10 entretiens&nbsp; d\u2019aide, avec un ou deux&nbsp;b\u00e9n\u00e9voles form\u00e9s. \u00c0 r\u00e9partir selon les besoins \u00e0 raison d\u2019un par semaine ou quinzaine ou mois. En concertation avec la personne endeuill\u00e9e.<\/strong><\/p>\n\n\n\n<p><strong>&#8211; Dur\u00e9e de chaque entretien 50 minutes \u2013 sur rendez-vous<\/strong><\/p>\n\n\n\n<p><strong>&#8211; Entretien gratuit. &nbsp;<\/strong><\/p>\n\n\n\n<p><strong>&#8211; \u00c0 partir de 3 entretiens, demande d\u2019une contribution symbolique d\u2019un montant de 30 euros aux frais de formation et supervision des b\u00e9n\u00e9voles pour l\u2019ensemble des entretiens.<\/strong><\/p>\n\n\n\n<p><strong>&#8211; Possibilit\u00e9 d\u2019int\u00e9grer le groupe d\u2019entraide pour personnes endeuill\u00e9es quand c\u2019est \u00ab le bon moment \u00bb et si c\u2019est pertinent pour la personne.<\/strong><\/p>\n<\/div>\n\n\n\n<div class=\"wp-block-column is-layout-flow wp-block-column-is-layout-flow\">\n<p><strong>&#8211; L\u2019entretien lui-m\u00eame est bas\u00e9 sur l\u2019\u00e9coute active, la relation d\u2019aide et la compr\u00e9hension du travail de deuil.<\/strong><\/p>\n\n\n\n<p>Il comprend un temps d\u2019accueil au premier entretien pour que le b\u00e9n\u00e9vole se pr\u00e9sente et annonce le cadre, et pour permettre \u00e0 la personne de se pr\u00e9senter aussi, dire quelle est la personne qu\u2019elle a perdue, puis \u00e0 chaque entretien dire quel est son v\u00e9cu.<\/p>\n\n\n\n<p><strong>L\u2019\u00e9coute permet \u00e0 la personne endeuill\u00e9e de cheminer et d\u2019\u00eatre accompagn\u00e9e dans son processus de deuil.<\/strong><\/p>\n\n\n\n<p><mark>Le cadre offre&nbsp;\u00e0 la personne \u00e9cout\u00e9e<\/mark> :<\/p>\n\n\n\n<ul class=\"wp-block-list\">\n<li>un&nbsp;<strong>accueil&nbsp;<\/strong>;<\/li>\n\n\n\n<li>une&nbsp;<strong>\u00e9coute&nbsp;<\/strong>active, bienveillante et soutenante ;<\/li>\n\n\n\n<li>la possibilit\u00e9 de reconna\u00eetre, valider et exprimer ses&nbsp;<strong>\u00e9motions&nbsp;<\/strong>;<\/li>\n\n\n\n<li>le rep\u00e9rage des&nbsp;<strong>particularit\u00e9s&nbsp;<\/strong>du deuil qu\u2019elle traverse ;<\/li>\n\n\n\n<li>la&nbsp;<strong>compr\u00e9hension&nbsp;<\/strong>du cheminement de deuil et&nbsp;<strong>l\u2019\u00e9coute&nbsp;<\/strong>des questions ;<\/li>\n\n\n\n<li>la&nbsp;<strong>prise de conscience<\/strong>&nbsp;de certaines attitudes ou id\u00e9es re\u00e7ues douloureuses&nbsp;;<\/li>\n\n\n\n<li>un&nbsp;<strong>espace soutenant&nbsp;<\/strong>qui permet de faire le r\u00e9cit, d\u2019\u00e9puiser les \u00e9motions violentes li\u00e9es au deuil pour les apaiser ;<\/li>\n\n\n\n<li>une&nbsp;<strong>orientation&nbsp;<\/strong>vers un professionnel ou une structure plus adapt\u00e9e lorsque cela est n\u00e9cessaire.<\/li>\n<\/ul>\n<\/div>\n<\/div>\n\n\n\n<figure class=\"wp-block-image size-large\"><img loading=\"lazy\" decoding=\"async\" width=\"1024\" height=\"1024\" src=\"https:\/\/www.pourtantlavie.org\/wp-content\/uploads\/2024\/03\/Groupe_entre_aide_recto_verso-1024x1024.jpg\" alt=\"Flyer groupe d'entraide\" class=\"wp-image-1986\" srcset=\"https:\/\/www.pourtantlavie.org\/wp-content\/uploads\/2024\/03\/Groupe_entre_aide_recto_verso-1024x1024.jpg 1024w, https:\/\/www.pourtantlavie.org\/wp-content\/uploads\/2024\/03\/Groupe_entre_aide_recto_verso-300x300.jpg 300w, https:\/\/www.pourtantlavie.org\/wp-content\/uploads\/2024\/03\/Groupe_entre_aide_recto_verso-150x150.jpg 150w, https:\/\/www.pourtantlavie.org\/wp-content\/uploads\/2024\/03\/Groupe_entre_aide_recto_verso-768x768.jpg 768w, https:\/\/www.pourtantlavie.org\/wp-content\/uploads\/2024\/03\/Groupe_entre_aide_recto_verso-1536x1536.jpg 1536w, https:\/\/www.pourtantlavie.org\/wp-content\/uploads\/2024\/03\/Groupe_entre_aide_recto_verso-2048x2048.jpg 2048w\" sizes=\"auto, (max-width: 1024px) 100vw, 1024px\" \/><\/figure>\n\n\n\n<p class=\"has-black-color has-pale-cyan-blue-background-color has-text-color has-background\" style=\"font-size:28px\">Groupe d&rsquo;entraide :<\/p>\n\n\n\n<p class=\"has-black-color has-luminous-vivid-orange-background-color has-text-color has-background\" style=\"font-size:24px\">Les inscriptions sont ouvertes pour le groupe 2026.<\/p>\n\n\n<p>L\u2019association Pourtant la vie propose depuis 2014 un groupe d\u2019entraide pour personnes endeuill\u00e9es sur le Roannais.<br \/>Le groupe est anim\u00e9 par 2 b\u00e9n\u00e9voles exp\u00e9riment\u00e9es, form\u00e9es par la F\u00e9d\u00e9ration Europ\u00e9enne Vivre son Deuil et b\u00e9n\u00e9ficiant d\u2019une supervision par une psychologue.<br \/>Avant l\u2019entr\u00e9e dans le groupe des entretiens individuels sont propos\u00e9s \u00e0 la personne endeuill\u00e9e pour voir avec elle l\u2019opportunit\u00e9 d\u2019int\u00e9grer ou non un groupe d\u2019entraide. Aucune personne n\u2019est admise sans entretien pr\u00e9alable.<\/p>\n<p>Notre association loi 1901 est sans but lucratif et les s\u00e9ances de groupe sont gratuites, nous demandons une participation symbolique pour marquer l\u2019engagement dans le groupe et\u00a0 pour\u00a0 couvrir une part des frais de formation et supervision : Soit un co\u00fbt unique de 30\u20ac pour l\u2019ann\u00e9e par personne.<\/p>\n<p>Le groupe se r\u00e9unit une fois par mois. En 2026 le groupe commence\u00a0 le 13 janvier. Il reste \u00ab ouvert \u00bb (pour entrer dans le groupe ou en sortir) les trois premi\u00e8res s\u00e9ances, puis nous \u00ab fermons \u00bb le groupe \u00e0 partir d\u2019avril (il ne pourra plus accueillir de nouvelles personnes et les personnes pr\u00e9sentes s\u2019engagent \u00e0 participer au groupe jusqu\u2019\u00e0 la fin pour une bonne coh\u00e9sion du groupe et un bon processus d\u2019entraide entre les membres).<\/p>\n<p>Au long de l\u2019ann\u00e9e un th\u00e8me diff\u00e9rent est abord\u00e9 chaque fois, permettant aux membres du groupe d\u2019exprimer leurs ressentis, leurs \u00e9motions, leurs sentiments contradictoires, et d\u2019avancer peu \u00e0 peu dans ce partage avec d\u2019autres personnes endeuill\u00e9es, gr\u00e2ce \u00e0 ce \u00ab\u00a0travail\u00a0 de deuil\u00a0\u00bb, dans un cadre s\u00e9curisant et bienveillant.<\/p>\n<p class=\"xmsonormal\">L\u2019\u00e9quipe b\u00e9n\u00e9vole Atelier Deuil<br \/>06 26 67 22 01 et 07 81 74 55 10<br \/>Brigitte M., Brigitte S. Corinne, J\u00e9zabel, Daniel et Jean \u2013 Entretiens d\u2019aide<br \/>Brigitte S., V\u00e9ronique et J\u00e9zabel \u2013 Animation du groupe d\u2019entraide<\/p>\n<p><strong><span style=\"text-decoration: underline;\"><span style=\"color: #ff6600; text-decoration: underline;\"><u>Calendrier 2026 : R\u00e9serv\u00e9 aux personnes inscrites apr\u00e8s entretien.<\/u><\/span><\/span><\/strong><\/p>\n<p>Les mardis\u00a0 soirs de 18h00 \u00e0\u00a0 20h00 : <del>13 janvier<\/del>,\u00a0 <del>10 f\u00e9vrier<\/del>,\u00a0 <del>10 mars<\/del>,\u00a0 07 avril,\u00a0 12 mai,\u00a0 16 juin, 07 juillet, 08 septembre, 06 octobre, et 03 novembre.\u00a0<\/p>\n<p>Lieu\u00a0: la salle Rez-de-chauss\u00e9e de la Maison des canaux \u00e0 Riorges 59 rue Chantoiseau. Parking accessible aussi par la rue Mar\u00e9chal Foch \u00e0 Riorges (juste au-dessus du rond-point des canaux).<\/p>\n<p><!-- \n\n\n\n\n\n\n\n\n\n\n\n\n\n\n\n\n\n\n\n\n\n\n\n\n\n<p><span style=\"background-color: #ffff00;\">Le groupe est maintenant ferm\u00e9. Il ne pourra plus accueillir de nouvelles personnes.<\/p>\n\n\n\n\n\n\n\n\n\n\n\n\n\n\n\n\n\n\n\n\n\n\n\n\n\n --><\/p>\n\n\n<p class=\"has-pale-pink-background-color has-text-color has-background\" style=\"color:#ffffff;font-size:30px\">4\u00e8me rencontre du groupe d\u2019entraide 2026, le 07 avril.<\/p>\n\n\n\n<p><a href=\"https:\/\/www.pourtantlavie.org\/wp-content\/uploads\/2023\/12\/Groupe_entre_aide_recto_verso.pdf\" target=\"_blank\" rel=\"noopener noreferrer\">Flyer du groupe d&rsquo;entraide \u00e0 distribuer<\/a><\/p>\n","protected":false},"excerpt":{"rendered":"<p>Entretien d&rsquo;aide avec une personne endeuill\u00e9e : L\u2019association Pourtant la vie propose des entretiens d\u2019aide destin\u00e9s \u00e0 des personnes endeuill\u00e9es adultes, quels que soient le lien \u00e0 la personne d\u00e9c\u00e9d\u00e9e [&hellip;]<\/p>\n","protected":false},"author":1,"featured_media":0,"parent":0,"menu_order":0,"comment_status":"closed","ping_status":"closed","template":"","meta":{"footnotes":""},"class_list":["post-813","page","type-page","status-publish","hentry"],"_links":{"self":[{"href":"https:\/\/www.pourtantlavie.org\/index.php\/wp-json\/wp\/v2\/pages\/813","targetHints":{"allow":["GET"]}}],"collection":[{"href":"https:\/\/www.pourtantlavie.org\/index.php\/wp-json\/wp\/v2\/pages"}],"about":[{"href":"https:\/\/www.pourtantlavie.org\/index.php\/wp-json\/wp\/v2\/types\/page"}],"author":[{"embeddable":true,"href":"https:\/\/www.pourtantlavie.org\/index.php\/wp-json\/wp\/v2\/users\/1"}],"replies":[{"embeddable":true,"href":"https:\/\/www.pourtantlavie.org\/index.php\/wp-json\/wp\/v2\/comments?post=813"}],"version-history":[{"count":101,"href":"https:\/\/www.pourtantlavie.org\/index.php\/wp-json\/wp\/v2\/pages\/813\/revisions"}],"predecessor-version":[{"id":2631,"href":"https:\/\/www.pourtantlavie.org\/index.php\/wp-json\/wp\/v2\/pages\/813\/revisions\/2631"}],"wp:attachment":[{"href":"https:\/\/www.pourtantlavie.org\/index.php\/wp-json\/wp\/v2\/media?parent=813"}],"curies":[{"name":"wp","href":"https:\/\/api.w.org\/{rel}","templated":true}]}}