{"id":74,"date":"2018-05-01T17:03:48","date_gmt":"2018-05-01T17:03:48","guid":{"rendered":"https:\/\/www.pourtantlavie.org\/?page_id=74"},"modified":"2024-12-17T18:54:47","modified_gmt":"2024-12-17T18:54:47","slug":"reglement-interieur","status":"publish","type":"page","link":"https:\/\/www.pourtantlavie.org\/index.php\/reglement-interieur\/","title":{"rendered":"R\u00e8glement int\u00e9rieur"},"content":{"rendered":"\n<p><strong>Article 1<\/strong> :<br>Les membres de l\u2019association s\u2019engagent \u00e0 respecter les principes de la charte des soins palliatifs*. (Voir derni\u00e8re page)<\/p>\n\n\n\n<p><strong>Article 2<\/strong> :<br>L\u2019association est ouverte \u00e0 toutes les personnes sensibilis\u00e9es par l\u2019accompagnement des personnes malades, en fin de vie, par l\u2019accompagnement des deuils et par les soins palliatifs.<\/p>\n\n\n\n<p><strong>Article 3<\/strong> :<br>Les adh\u00e9rents de l\u2019association ne peuvent s\u2019appuyer sur l\u2019association pour se faire une client\u00e8le personnelle ou s\u2019en servir comme promotion professionnelle.<\/p>\n\n\n\n<p><strong>Article 4<\/strong> :<br>Seuls les membres \u00e9lus du bureau sont habilit\u00e9s \u00e0 repr\u00e9senter l\u2019association aupr\u00e8s des Pouvoirs Publics, des administrations et autres instances.<\/p>\n\n\n\n<p><strong>Article 5<\/strong> :<br>L\u2019association comprend deux instances: l\u2019Assembl\u00e9e G\u00e9n\u00e9rale et le bureau (voir statuts). Le bureau est appel\u00e9 Le Ch\u0153ur pour \u00e9voquer une instance d\u00e9mocratique, horizontale, coop\u00e9rative et coordinatrice o\u00f9 chacun joue sa partition.<br>\nPour r\u00e9pondre aux diff\u00e9rents objectifs l\u2019Assembl\u00e9e G\u00e9n\u00e9rale de l\u2019association met en place des groupes de travail appel\u00e9s ateliers qui assureront la mise en \u0153uvre concr\u00e8te de l\u2019objet associatif. \u2013 Atelier Partages \u2013 Atelier Deuil \u2013 Atelier \u00c9v\u00e9nements, sensibilisation, informations.<br>Ces ateliers regroupent plusieurs membres de l\u2019association. Un membre peut participer \u00e0 plusieurs ateliers, cependant il ne pourra \u00eatre r\u00e9f\u00e9rent que d\u2019un seul, sur d\u00e9signation de cet atelier. Ce r\u00e9f\u00e9rent d\u2019un atelier ne peut pas \u00eatre l\u2019un des membres \u00e9lus du Choeur.<br>Chaque r\u00e9f\u00e9rent est responsable et s\u2019engage \u00e0 participer \u00e0 au moins la moiti\u00e9 des r\u00e9unions du Choeur.<br>Au sein de ces ateliers peuvent \u00eatre invit\u00e9es \u00e0 participer des personnes non adh\u00e9rentes admises pour leur comp\u00e9tence et leur soutien \u00e0 l\u2019association.<br>Ces ateliers rendent compte de leur travail au Choeur \u00e0 chacune de ses r\u00e9unions ou sur simple demande de sa part.<br>Chaque atelier est \u00e0 l\u2019initiative de projets qu\u2019il g\u00e8re et il est force de proposition, mais il communique et les soumet au Ch\u0153ur qui coordonne ainsi les projets et activit\u00e9s.<br>Les ateliers peuvent \u00eatre amen\u00e9s \u00e0 collaborer \u00e0 l\u2019occasion d\u2019un grand projet ou \u00e9v\u00e9nement. L\u2019Assembl\u00e9e G\u00e9n\u00e9rale peut d\u00e9cider de la mise en place d\u2019autres ateliers ou les r\u00e9organiser si besoin.<\/p>\n\n\n\n<p><strong>R\u00e8glement int\u00e9rieur particulier \u00e0 l\u2019Atelier deuil :<\/strong><br>En raison de sa sp\u00e9cificit\u00e9 et de la fragilit\u00e9 du public auquel il s\u2019adresse, cet atelier requiert<br>des pr\u00e9alables pour toute admission en son sein :<br>     <strong>1. B\u00e9n\u00e9voles impliqu\u00e9s \/entretiens d\u2019aide et groupe d\u2019entraide :<\/strong><br><em>Toute personne d\u00e9sireuse de s\u2019impliquer comme b\u00e9n\u00e9vole \u00e9coutante pour les<br>entretiens d\u2019aide ou animatrice de groupe d\u2019entraide doit d\u00e9j\u00e0 \u00eatre membre actif<br>de l\u2019association et avoir accept\u00e9 le r\u00e8glement int\u00e9rieur, et elle doit au pr\u00e9alable \u00e0<br>son implication avoir un entretien avec 2 membres \u00e9lus du Ch\u0153ur.<\/em><\/p>\n\n\n\n<p>Elle doit accepter de faire la formation sp\u00e9cifique requise ( bases de formation au deuil, entretiens d\u2019aide, animation de groupe d\u2019entraide, etc. ) avant de commencer \u00e0 exercer sa fonction, et elle s\u2019engage \u00e0 participer \u00e0 toutes les supervisions mises en place par l\u2019association.<br><strong>2. B\u00e9n\u00e9voles engag\u00e9s dans l\u2019Atelier deuil (hors \u00e9coute et animation) :<\/strong><br><em>Toute personne souhaitant int\u00e9grer l\u2019Atelier deuil pour faire b\u00e9n\u00e9ficier l\u2019atelier de ses comp\u00e9tences doit au pr\u00e9alable \u00eatre re\u00e7ue en entretien par 2 membres \u00e9lus du Choeur.<br>Cas particulier des personnes endeuill\u00e9es : Il est demand\u00e9 un d\u00e9lai minimum d\u2019un an apr\u00e8s le d\u00e9c\u00e8s de leur proche.<\/em><\/p>\n\n\n\n<p><strong>Article 6<\/strong> :<br>Le r\u00e8glement int\u00e9rieur initial est adopt\u00e9 par l\u2019Assembl\u00e9e G\u00e9n\u00e9rale. Il sera r\u00e9guli\u00e8rement \u00e9tudi\u00e9 et remis \u00e0 jour par le Ch\u0153ur, sous r\u00e9serve de validation par l\u2019Assembl\u00e9e G\u00e9n\u00e9rale suivante, autant que de besoin afin de s\u2019adapter \u00e0 l\u2019\u00e9volution de l\u2019association.<br>Chaque membre de l\u2019association peut solliciter du Ch\u0153ur et par \u00e9crit la modification du r\u00e8glement int\u00e9rieur. La proposition sera examin\u00e9e lors de la r\u00e9union ordinaire du Ch\u0153ur et valid\u00e9e ou non par l\u2019Assembl\u00e9e G\u00e9n\u00e9rale suivante.<\/p>\n\n\n\n<p><strong>Article 7<\/strong> :<br>Le r\u00e8glement int\u00e9rieur en cours est comme les statuts consultable et t\u00e9l\u00e9chargeable sur le site Internet de l\u2019association.<br>Lors de son adh\u00e9sion chaque membre s\u2019engage \u00e0 le respecter ainsi que les statuts.<\/p>\n\n\n\n<p>Un exemplaire papier pourra \u00eatre remis sur demande \u00e0 chaque membre lors de son adh\u00e9sion et \u00e0 la suite de chaque modification.<br>Tous les membres sont tenus de le respecter sous peine d\u2019exclusion (voir statuts).<\/p>\n\n\n\n<p class=\"has-vivid-cyan-blue-color has-text-color has-link-color wp-elements-c70a1631efbb6eec2660aa7ecd302a45\"><u>R\u00e9glement int\u00e9rieur approuv\u00e9 par l\u2019Assembl\u00e9e G\u00e9n\u00e9rale r\u00e9unie le 14 juin 2022. Modifi\u00e9 par le Choeur \u2013 16.12.24.<\/u><\/p>\n\n\n\n<p><strong>* Charte des soins palliatifs :<\/strong><br>&nbsp;&nbsp; \u2013 \u00ab Les soins palliatifs sont des soins actifs dans une approche globale de la personne atteinte d\u2019une maladie grave \u00e9volutive ou terminale.<br>&nbsp;&nbsp; \u2013 Leur objectif est de soulager les douleurs physiques ainsi que les autres sympt\u00f4mes et de<br>prendre en compte la souffrance psychologique sociale et spirituelle.<br>&nbsp;&nbsp; \u2013 Les soins palliatifs et l\u2019accompagnement sont interdisciplinaires. Ils s\u2019adressent au malade<br>en tant que personne, \u00e0 sa famille et \u00e0 ses proches, \u00e0 domicile ou en institution.<br>&nbsp;&nbsp; \u2013 La formation et le soutien des soignants et des b\u00e9n\u00e9voles font partie de cette d\u00e9marche,<br>&nbsp;&nbsp; \u2013 Les soins palliatifs et l\u2019accompagnement consid\u00e8rent le malade comme un \u00eatre vivant et la mort comme un processus naturel.<br>&nbsp;&nbsp; \u2013 Ceux qui les dispensent cherchent \u00e0 \u00e9viter les investigations et les traitements d\u00e9raisonnables. Ils se refusent \u00e0 provoquer intentionnellement la mort.<br>&nbsp;&nbsp; \u2013 Ils s\u2019efforcent de pr\u00e9server la meilleure qualit\u00e9 de vie possible jusqu\u2019au d\u00e9c\u00e8s et proposent un soutien aux proches en deuil.<br>&nbsp;&nbsp; \u2013 Ils s\u2019emploient par leur pratique clinique, leur enseignement et leurs travaux de recherche, \u00e0 ce que ces principes puissent \u00eatre appliqu\u00e9s. \u00bb<\/p>\n\n\n\n<p><strong>* (Pr\u00e9ambule des statuts de la S.F.A.P. Ratifi\u00e9s \u00e0 la 2\u00e8me Assembl\u00e9e G\u00e9n\u00e9rale<br>Extraordinaire de la SFAP le 28\/09\/2007 \u00e0 Paris)<\/strong><\/p>\n","protected":false},"excerpt":{"rendered":"<p>Article 1 :Les membres de l\u2019association s\u2019engagent \u00e0 respecter les principes de la charte des soins palliatifs*. (Voir derni\u00e8re page) Article 2 :L\u2019association est ouverte \u00e0 toutes les personnes sensibilis\u00e9es [&hellip;]<\/p>\n","protected":false},"author":1,"featured_media":0,"parent":0,"menu_order":0,"comment_status":"closed","ping_status":"closed","template":"","meta":{"footnotes":""},"class_list":["post-74","page","type-page","status-publish","hentry"],"_links":{"self":[{"href":"https:\/\/www.pourtantlavie.org\/index.php\/wp-json\/wp\/v2\/pages\/74","targetHints":{"allow":["GET"]}}],"collection":[{"href":"https:\/\/www.pourtantlavie.org\/index.php\/wp-json\/wp\/v2\/pages"}],"about":[{"href":"https:\/\/www.pourtantlavie.org\/index.php\/wp-json\/wp\/v2\/types\/page"}],"author":[{"embeddable":true,"href":"https:\/\/www.pourtantlavie.org\/index.php\/wp-json\/wp\/v2\/users\/1"}],"replies":[{"embeddable":true,"href":"https:\/\/www.pourtantlavie.org\/index.php\/wp-json\/wp\/v2\/comments?post=74"}],"version-history":[{"count":16,"href":"https:\/\/www.pourtantlavie.org\/index.php\/wp-json\/wp\/v2\/pages\/74\/revisions"}],"predecessor-version":[{"id":2244,"href":"https:\/\/www.pourtantlavie.org\/index.php\/wp-json\/wp\/v2\/pages\/74\/revisions\/2244"}],"wp:attachment":[{"href":"https:\/\/www.pourtantlavie.org\/index.php\/wp-json\/wp\/v2\/media?parent=74"}],"curies":[{"name":"wp","href":"https:\/\/api.w.org\/{rel}","templated":true}]}}