{"id":400,"date":"2019-01-17T14:18:05","date_gmt":"2019-01-17T14:18:05","guid":{"rendered":"https:\/\/www.pourtantlavie.org\/?page_id=400"},"modified":"2019-01-18T21:30:35","modified_gmt":"2019-01-18T21:30:35","slug":"compte-rendu-du-ca-2017","status":"publish","type":"page","link":"https:\/\/www.pourtantlavie.org\/index.php\/compte-rendu-du-ca-2017\/","title":{"rendered":"Compte-rendu de l&rsquo;AG 2017"},"content":{"rendered":"<h2 style=\"text-align: center;\">Association POURTANT LA VIE<\/h2>\n<p style=\"text-align: center;\"><em><u>Soins de support &#8211; Accompagnement &#8211; Soins palliatifs<\/u><\/em><\/p>\n<p style=\"text-align: left;\"><strong>ASSEMBL\u00c9E G\u00c9N\u00c9RALE DU JEUDI 5 AVRIL 2018<\/strong><\/p>\n<p style=\"text-align: left;\"><strong><u>Compte-rendu (voir les rapports pour leur contenu)<\/u><\/strong><\/p>\n<p style=\"text-align: left;\">Brigitte SAINTAMAND ouvre la s\u00e9ance en remerciant les personnes pr\u00e9sentes et en citant les personnalit\u00e9s excus\u00e9es.<br \/>\nLe quorum est atteint.<br \/>\nUn diaporama pr\u00e9sente les rapports qui sont remis en support papier \u00e0 chacun.<\/p>\n<p style=\"text-align: left;\"><strong><u>RAPPORT MORAL<\/u> :<\/strong><\/p>\n<p>Le Dr Marie BOUCHER (ancien m\u00e9decin de l\u2019EMSP install\u00e9e comme m\u00e9decin g\u00e9n\u00e9raliste \u00e0 Bully) quitte le CA en raison de sa charge de travail. Merci \u00e0 elle pour toutes ses contributions !<br \/>\n&#8211; Mr Claude BAYSSAT coopt\u00e9 par le CA accepte de pr\u00e9senter sa candidature au CA.<br \/>\n&#8211; Mme C\u00e9cile RUCH accepte de pr\u00e9senter sa candidature au CA.<\/p>\n<p>Importance de la page Facebook qui partage de nombreux articles en mati\u00e8re de soins palliatifs et contribue \u00e0 la mission d\u2019information. Chacun est invit\u00e9 \u00e0 consulter et \u00ab aimer la page \u00bb pour la promouvoir.<br \/>\nLe site Internet va \u00eatre r\u00e9vis\u00e9, Claude Bayssat a accept\u00e9 de prendre le relai de Damien Godinot qui l\u2019avait cr\u00e9\u00e9 et le g\u00e9rait depuis plusieurs ann\u00e9es. Merci \u00e0 tous les deux !<\/p>\n<p><strong><u>RAPPORT D\u2019ACTIVIT\u00c9 :<\/u><\/strong><\/p>\n<p>Discussion autour du groupe d\u2019entraide pour personnes endeuill\u00e9es. Une communication par flyers pourrait \u00eatre \u00e9tendue d\u2019une mani\u00e8re plus importante au niveau des m\u00e9decins, des mairies, des associations, sur des bulletins municipaux&#8230;<br \/>\nIl serait peut-\u00eatre n\u00e9cessaire d\u2019aller \u00e0 la rencontre de ces acteurs pour faire connaitre l\u2019existence de ce groupe sur le Roannais et permettre \u00e0 davantage de personnes endeuill\u00e9es d\u2019en profiter&#8230;<\/p>\n<p><strong><u>RAPPORT D\u2019ORIENTATION<\/u> :<\/strong><\/p>\n<p>&#8211; La mise en place de \u00ab caf\u00e9s mortels \u00bb est pr\u00e9vue pour le 31 mai dans un caf\u00e9 restaurant de Roanne.<br \/>\n&#8211; La JMSP aura lieu en octobre. Le groupe projet est en train de pr\u00e9parer cette manifestation avec l\u2019Equipe Mobile de Soins Palliatifs.<br \/>\n&#8211; Une soir\u00e9e cin\u00e9-d\u00e9bat est aussi envisag\u00e9e \u00e0 l\u2019Espace Renoir pour cette JMSP<br \/>\n&#8211; Journ\u00e9e interprofessionnelle pr\u00e9vue en 2019<br \/>\nAu niveau des formations, il est \u00e9voqu\u00e9 les difficult\u00e9s de faire participer les auxiliaires de vie, les aidants, et les services \u00e0 domicile, qui sont tr\u00e8s peu pr\u00e9sents.<br \/>\nMalgr\u00e9 la communication diffus\u00e9e \u00e0 tous les organismes, des difficult\u00e9s pour lib\u00e9rer du personnel sont rencontr\u00e9es, financement pour venir, budget formation, plannings tr\u00e8s difficiles.<br \/>\nL\u2019information apr\u00e8s des associations d\u2019aide \u00e0 domicile est peut-\u00eatre \u00e0 revoir, il faut envisager d\u2019aller \u00e0 leur rencontre.<\/p>\n<p>Pour ce qui concerne la r\u00e9flexion sur la piste d\u2019un rapprochement, d\u2019une mutualisation, voire d\u2019une fusion avec JALMALV, l\u2019ensemble des participants pense qu\u2019il vaut mieux que les deux associations restent ind\u00e9pendantes ; \u00ab il vaut mieux \u00eatre seule de part et d\u2019autre, que \u00ab seules \u00bb ensemble ! \u00bb<br \/>\nChristian JUMEL aidera sur le plan m\u00e9thodologique un groupe d\u2019administrateurs volontaires pour \u00e9tudier de nouveau le projet associatif, envisager la strat\u00e9gie de l\u2019association, r\u00e9fl\u00e9chir aux fonctions des membres du CA et \u00e0 un \u00e9largissement du bureau.<\/p>\n<p><strong><u>RAPPORT FINANCIER :<\/u><\/strong><\/p>\n<p>Le bilan financier de l\u2019ann\u00e9e 2016 montre un b\u00e9n\u00e9fice de 42.95 euros.<\/p>\n<p>Les actifs circulants se montent au 31 d\u00e9cembre 2017 \u00e0 6826,36 \u20ac incluant une cr\u00e9ance client de 300\u20ac, plus le solde de notre compte bancaire : 3932,94 euros et un livret bleu associatif de 2593,42 euros.<br \/>\nDemande de subvention pr\u00e9vue avant juillet pour le financement de la journ\u00e9e 2019.<br \/>\nLe th\u00e8me de cette journ\u00e9e est en cours d\u2019\u00e9laboration et sera d\u00e9fini avant fin juin.<\/p>\n<p><strong>Les rapports sont adopt\u00e9s \u00e0 l\u2019unanimit\u00e9, et Claude BAYSSAT et C\u00e9cile RUCH sont \u00e9lus \u00e0 l\u2019unanimit\u00e9 au Conseil d\u2019Administration.<\/strong><\/p>\n<p>Discussion autour du dernier manifeste de la SFAP.<br \/>\nLa SFAP demande l\u2019application des lois 2005 et 2016 sur les soins palliatifs.<br \/>\nRappel : depuis leur origine, valeurs des soins palliatifs : pas d\u2019acharnement th\u00e9rapeutique, ni d\u2019euthanasie mais accompagnement et soulagement des malades.<br \/>\n\u00c0 Roanne \u00c9quipe mobile de soins palliatifs cr\u00e9\u00e9e en 2002 \u00e0 l\u2019h\u00f4pital, et association Pourtant la vie initi\u00e9e par l\u2019EMSP pour porter \u00e0 l\u2019ext\u00e9rieur l\u2019information et aider au d\u00e9veloppement de l\u2019accompagnement et des soins palliatifs sur le Roannais.<\/p>\n<p>Constat : Les acteurs des soins palliatifs \u00ab bossent \u00bb et ne prennent pas assez le temps de communiquer, contrairement aux militants ADMD par exemple qui utilisent beaucoup les m\u00e9dias.<br \/>\nLa place de l\u2019association est de faire ce travail de sensibilisation, information etc&#8230; sur les soins palliatifs et l\u2019accompagnement.<br \/>\nInscription faite au Forum des Associations, stand demand\u00e9 pr\u00e8s de JALMALV.<\/p>\n<p style=\"text-align: left;\"><strong>Fin de l\u2019A.G. \u00e0 19h45, suivie d\u2019un verre de l\u2019amiti\u00e9 et d\u2019une r\u00e9union du CA.<\/strong><\/p>\n<table style=\"border: none; width: 100%;\">\n<tbody>\n<tr>\n<td style=\"text-align: left;\">La secr\u00e9taire<br \/>\nMarie Th\u00e9r\u00e8se Nardy<\/td>\n<td style=\"text-align: right;\">La Pr\u00e9sidente<br \/>\nBrigitte SAINTAMAND<\/td>\n<\/tr>\n<\/tbody>\n<\/table>\n<p style=\"text-align: center;\">Association POURTANT LA VIE<br \/>\nMaison de la Mutualit\u00e9 &#8211; 19, rue Beno\u00eet Malon 42300 ROANNE<br \/>\nTel : 07 81 74 55 10 &#8211; Courriel : <a href=\"mailto:pourtantlavie@gmail.com\">pourtantlavie@gmail.com<\/a> &#8211; Site : <a href=\"https:\/\/www.pourtantlavie.org\">www.pourtantlavie.org<\/a><\/p>\n","protected":false},"excerpt":{"rendered":"<p>Association POURTANT LA VIE Soins de support &#8211; Accompagnement &#8211; Soins palliatifs ASSEMBL\u00c9E G\u00c9N\u00c9RALE DU JEUDI 5 AVRIL 2018 Compte-rendu (voir les rapports pour leur contenu) Brigitte SAINTAMAND ouvre la [&hellip;]<\/p>\n","protected":false},"author":1,"featured_media":0,"parent":0,"menu_order":0,"comment_status":"closed","ping_status":"closed","template":"","meta":{"footnotes":""},"class_list":["post-400","page","type-page","status-publish","hentry"],"_links":{"self":[{"href":"https:\/\/www.pourtantlavie.org\/index.php\/wp-json\/wp\/v2\/pages\/400","targetHints":{"allow":["GET"]}}],"collection":[{"href":"https:\/\/www.pourtantlavie.org\/index.php\/wp-json\/wp\/v2\/pages"}],"about":[{"href":"https:\/\/www.pourtantlavie.org\/index.php\/wp-json\/wp\/v2\/types\/page"}],"author":[{"embeddable":true,"href":"https:\/\/www.pourtantlavie.org\/index.php\/wp-json\/wp\/v2\/users\/1"}],"replies":[{"embeddable":true,"href":"https:\/\/www.pourtantlavie.org\/index.php\/wp-json\/wp\/v2\/comments?post=400"}],"version-history":[{"count":5,"href":"https:\/\/www.pourtantlavie.org\/index.php\/wp-json\/wp\/v2\/pages\/400\/revisions"}],"predecessor-version":[{"id":428,"href":"https:\/\/www.pourtantlavie.org\/index.php\/wp-json\/wp\/v2\/pages\/400\/revisions\/428"}],"wp:attachment":[{"href":"https:\/\/www.pourtantlavie.org\/index.php\/wp-json\/wp\/v2\/media?parent=400"}],"curies":[{"name":"wp","href":"https:\/\/api.w.org\/{rel}","templated":true}]}}