{"id":2,"date":"2018-04-24T10:45:30","date_gmt":"2018-04-24T10:45:30","guid":{"rendered":"https:\/\/www.pourtantlavie.org\/?page_id=2"},"modified":"2024-05-17T18:07:40","modified_gmt":"2024-05-17T18:07:40","slug":"objectifs","status":"publish","type":"page","link":"https:\/\/www.pourtantlavie.org\/index.php\/objectifs\/","title":{"rendered":"Objectifs"},"content":{"rendered":"<table style=\"border: 0px; width: 100%:;\">\n<tbody>\n<tr>\n<td style=\"text-align: left;\">Pourtant la vie est issue en 2004 de la volont\u00e9 de professionnels de sant\u00e9 et de b\u00e9n\u00e9voles, s\u2019\u00e9tant r\u00e9unis autour de l\u2019\u00c9quipe Mobile de Soins Palliatifs de l\u2019h\u00f4pital de Roanne, pour travailler ensemble au d\u00e9veloppement des soins palliatifs et de l\u2019accompagnement sur le<br \/>\nRoannais.<\/p>\n<p>Cette association a pour but de:<br \/>\n\u2022 Contribuer au d\u00e9veloppement des soins palliatifs et de l\u2019accompagnement pour les<br \/>\npersonnes malades et pour leurs proches, et \u00e0 l\u2019accompagnement du deuil.<br \/>\n\u2022 Informer et soutenir les professionnels et b\u00e9n\u00e9voles concern\u00e9s et contribuer \u00e0 leur<br \/>\nformation.<br \/>\n\u2022 Informer le grand public en mati\u00e8re de soins palliatifs, accompagnement, deuil, au<br \/>\nmoyen de diff\u00e9rentes actions de sensibilisation.<\/p>\n<p>Pour r\u00e9pondre aux diff\u00e9rents objectifs l\u2019association met en place des groupes de travail<br \/>\nappel\u00e9s <a href=\"https:\/\/www.pourtantlavie.org\/index.php\/3-groupes-de-travail-ateliers\/\" target=\"_blank\" rel=\"noopener\">ateliers<\/a> qui assureront la mise en \u0153uvre concr\u00e8te de l\u2019objet associatif..<\/td>\n<\/tr>\n<\/tbody>\n<\/table>\n","protected":false},"excerpt":{"rendered":"<p>Pourtant la vie est issue en 2004 de la volont\u00e9 de professionnels de sant\u00e9 et de b\u00e9n\u00e9voles, s\u2019\u00e9tant r\u00e9unis autour de l\u2019\u00c9quipe Mobile de Soins Palliatifs de l\u2019h\u00f4pital de Roanne, [&hellip;]<\/p>\n","protected":false},"author":1,"featured_media":0,"parent":0,"menu_order":0,"comment_status":"closed","ping_status":"open","template":"","meta":{"footnotes":""},"class_list":["post-2","page","type-page","status-publish","hentry"],"_links":{"self":[{"href":"https:\/\/www.pourtantlavie.org\/index.php\/wp-json\/wp\/v2\/pages\/2","targetHints":{"allow":["GET"]}}],"collection":[{"href":"https:\/\/www.pourtantlavie.org\/index.php\/wp-json\/wp\/v2\/pages"}],"about":[{"href":"https:\/\/www.pourtantlavie.org\/index.php\/wp-json\/wp\/v2\/types\/page"}],"author":[{"embeddable":true,"href":"https:\/\/www.pourtantlavie.org\/index.php\/wp-json\/wp\/v2\/users\/1"}],"replies":[{"embeddable":true,"href":"https:\/\/www.pourtantlavie.org\/index.php\/wp-json\/wp\/v2\/comments?post=2"}],"version-history":[{"count":6,"href":"https:\/\/www.pourtantlavie.org\/index.php\/wp-json\/wp\/v2\/pages\/2\/revisions"}],"predecessor-version":[{"id":2056,"href":"https:\/\/www.pourtantlavie.org\/index.php\/wp-json\/wp\/v2\/pages\/2\/revisions\/2056"}],"wp:attachment":[{"href":"https:\/\/www.pourtantlavie.org\/index.php\/wp-json\/wp\/v2\/media?parent=2"}],"curies":[{"name":"wp","href":"https:\/\/api.w.org\/{rel}","templated":true}]}}