{"id":174,"date":"2018-07-02T10:25:45","date_gmt":"2018-07-02T10:25:45","guid":{"rendered":"https:\/\/www.pourtantlavie.org\/?page_id=174"},"modified":"2018-07-02T10:25:45","modified_gmt":"2018-07-02T10:25:45","slug":"partenaires","status":"publish","type":"page","link":"https:\/\/www.pourtantlavie.org\/index.php\/partenaires\/","title":{"rendered":"Partenaires"},"content":{"rendered":"<table style=\"border: 0px; width: 100%:;\">\n<tbody>\n<tr>\n<td style=\"text-align: left;\">\r\n<!--  Starting Simple Link Directory Plugin Output -->\r\n<div class=\"qcopd_embed_container sld-top-area\">\r\n\r\n\t        <div class=\"sld-half\">\r\n            <form id=\"live-search\" action=\"\" class=\"styled\" method=\"post\">\r\n\t\t\t\t                <input type=\"text\" class=\"text-input sld-search sld_search_filter\" placeholder=\"Live Search Items\"\/>\r\n            <\/form>\r\n        <\/div>\r\n\t\r\n\r\n\r\n\r\n\r\n<\/div>\r\n<div class=\"qcld-main-container-style-simple\"><div class=\"qcopd-list-wrapper\" >\r\n\t<div id=\"opd-list-holder\" class=\"qc-grid qcopd-list-holder\">\r\n\t\t\r\n\t\t<!-- Individual List Item -->\r\n\t\t<div id=\"list-item-1-171\" class=\"qc-grid-item qcopd-list-column opd-column-1 simple opd-list-id-171\">\r\n\t\t\t<div class=\"qcopd-single-list\">\r\n\t\t\t\t\r\n\t\t\t\t<h2>\r\n\t\t\t\t\tLiens web\t\t\t\t<\/h2>\r\n\t\t\t\t<ul>\r\n\t\t\t\t\t\r\n\t\t\t\t\t<li id=\"item-171-1\" style=\"\">\r\n\t\t\t\t\t\t\t\t\t\t\t\t<!-- List Anchor -->\r\n\t\t\t\t\t\t<a  rel=\"nofollow\" href=\"http:\/\/www.asso-amgr.org\"\r\n\t\t\t\t\t\t\ttarget=\"_blank\">\r\n\r\n\t\t\t\t\t\t\t<!-- Image, If Present -->\r\n\t\t\t\t\t\t\t\t\t\t\t\t\t\t\t<span class=\"list-img\">\r\n\t\t\t\t\t\t\t\t\t\t\t\t\t\t\t\t\t\t<img decoding=\"async\" src=\"https:\/\/www.pourtantlavie.org\/wp-content\/uploads\/2018\/07\/logo_amgr.png\" alt=\"AMGR\">\r\n\t\t\t\t\t\t\t\t<\/span>\r\n\t\t\t\t\t\t\t\r\n\t\t\t\t\t\t\t<!-- Link Text -->\r\n\t\t\t\t\t\t\tAMGR\r\n\t\t\t\t\t\t<\/a>\r\n\t\t\t\t\t\t\r\n\t\t\t\t\t\t\t<!-- upvote section -->\r\n\t\t\t\t\t\t\t<div class=\"upvote-section\">\r\n\t\t\t\t\t\t\t\t<span data-post-id=\"171\" data-item-title=\"AMGR\" data-item-link=\"http:\/\/www.asso-amgr.org\" class=\"upvote-btn upvote-on\">\r\n\t\t\t\t\t\t\t\t\t<i class=\"fa fa-thumbs-up\"><\/i>\r\n\t\t\t\t\t\t\t\t<\/span>\r\n\t\t\t\t\t\t\t\t<span class=\"upvote-count\">\r\n\t\t\t\t\t\t\t\t\t4\t\t\t\t\t\t\t\t<\/span>\r\n\t\t\t\t\t\t\t<\/div>\r\n\t\t\t\t\t\t\t<!-- \/upvote section -->\r\n\r\n\t\t\t\t\t\t\t\t\t\t\t\t\r\n\t\t\t\t\t<\/li>\r\n\t\t\t\t\t\r\n\t\t\t\t\t<li id=\"item-171-2\" style=\"\">\r\n\t\t\t\t\t\t\t\t\t\t\t\t<!-- List Anchor -->\r\n\t\t\t\t\t\t<a  rel=\"nofollow\" href=\"http:\/\/www.loire-solidaires.org\/\"\r\n\t\t\t\t\t\t\ttarget=\"_blank\">\r\n\r\n\t\t\t\t\t\t\t<!-- Image, If Present -->\r\n\t\t\t\t\t\t\t\t\t\t\t\t\t\t\t<span class=\"list-img\">\r\n\t\t\t\t\t\t\t\t\t\t\t\t\t\t\t\t\t\t<img decoding=\"async\" src=\"https:\/\/www.pourtantlavie.org\/wp-content\/uploads\/2018\/07\/logo_loire_solidaires.png\" alt=\"Loire solidaires\">\r\n\t\t\t\t\t\t\t\t<\/span>\r\n\t\t\t\t\t\t\t\r\n\t\t\t\t\t\t\t<!-- Link Text -->\r\n\t\t\t\t\t\t\tLoire solidaires\r\n\t\t\t\t\t\t<\/a>\r\n\t\t\t\t\t\t\r\n\t\t\t\t\t\t\t<!-- upvote section -->\r\n\t\t\t\t\t\t\t<div class=\"upvote-section\">\r\n\t\t\t\t\t\t\t\t<span data-post-id=\"171\" data-item-title=\"Loire solidaires\" data-item-link=\"http:\/\/www.loire-solidaires.org\/\" class=\"upvote-btn upvote-on\">\r\n\t\t\t\t\t\t\t\t\t<i class=\"fa fa-thumbs-up\"><\/i>\r\n\t\t\t\t\t\t\t\t<\/span>\r\n\t\t\t\t\t\t\t\t<span class=\"upvote-count\">\r\n\t\t\t\t\t\t\t\t\t5\t\t\t\t\t\t\t\t<\/span>\r\n\t\t\t\t\t\t\t<\/div>\r\n\t\t\t\t\t\t\t<!-- \/upvote section -->\r\n\r\n\t\t\t\t\t\t\t\t\t\t\t\t\r\n\t\t\t\t\t<\/li>\r\n\t\t\t\t\t\r\n\t\t\t\t\t<li id=\"item-171-3\" style=\"\">\r\n\t\t\t\t\t\t\t\t\t\t\t\t<!-- List Anchor -->\r\n\t\t\t\t\t\t<a   href=\"http:\/\/roanneasso.fr\/roanneassofr-le-portail-de-la-vie-associative-1521.html#homeLogin\"\r\n\t\t\t\t\t\t\ttarget=\"_blank\">\r\n\r\n\t\t\t\t\t\t\t<!-- Image, If Present -->\r\n\t\t\t\t\t\t\t\t\t\t\t\t\t\t\t<span class=\"list-img\">\r\n\t\t\t\t\t\t\t\t\t\t\t\t\t\t\t\t\t\t<img decoding=\"async\" src=\"https:\/\/www.pourtantlavie.org\/wp-content\/uploads\/2018\/07\/logo_roanne_association.png\" alt=\"Roanne asso\">\r\n\t\t\t\t\t\t\t\t<\/span>\r\n\t\t\t\t\t\t\t\r\n\t\t\t\t\t\t\t<!-- Link Text -->\r\n\t\t\t\t\t\t\tRoanne asso\r\n\t\t\t\t\t\t<\/a>\r\n\t\t\t\t\t\t\r\n\t\t\t\t\t\t\t<!-- upvote section -->\r\n\t\t\t\t\t\t\t<div class=\"upvote-section\">\r\n\t\t\t\t\t\t\t\t<span data-post-id=\"171\" data-item-title=\"Roanne asso\" data-item-link=\"http:\/\/roanneasso.fr\/roanneassofr-le-portail-de-la-vie-associative-1521.html#homeLogin\" class=\"upvote-btn upvote-on\">\r\n\t\t\t\t\t\t\t\t\t<i class=\"fa fa-thumbs-up\"><\/i>\r\n\t\t\t\t\t\t\t\t<\/span>\r\n\t\t\t\t\t\t\t\t<span class=\"upvote-count\">\r\n\t\t\t\t\t\t\t\t\t4\t\t\t\t\t\t\t\t<\/span>\r\n\t\t\t\t\t\t\t<\/div>\r\n\t\t\t\t\t\t\t<!-- \/upvote section -->\r\n\r\n\t\t\t\t\t\t\t\t\t\t\t\t\r\n\t\t\t\t\t<\/li>\r\n\t\t\t\t\t\r\n\t\t\t\t\t<li id=\"item-171-4\" style=\"\">\r\n\t\t\t\t\t\t\t\t\t\t\t\t<!-- List Anchor -->\r\n\t\t\t\t\t\t<a   href=\"https:\/\/www.neztoiles.com\/les-neztoiles\"\r\n\t\t\t\t\t\t\ttarget=\"_blank\">\r\n\r\n\t\t\t\t\t\t\t<!-- Image, If Present -->\r\n\t\t\t\t\t\t\t\t\t\t\t\t\t\t\t<span class=\"list-img\">\r\n\t\t\t\t\t\t\t\t\t\t\t\t\t\t\t\t\t\t<img decoding=\"async\" src=\"https:\/\/www.pourtantlavie.org\/wp-content\/uploads\/2018\/07\/logo_les_neztoiles.png\" alt=\"Les Neztoiles\">\r\n\t\t\t\t\t\t\t\t<\/span>\r\n\t\t\t\t\t\t\t\r\n\t\t\t\t\t\t\t<!-- Link Text -->\r\n\t\t\t\t\t\t\tLes Neztoiles\r\n\t\t\t\t\t\t<\/a>\r\n\t\t\t\t\t\t\r\n\t\t\t\t\t\t\t<!-- upvote section -->\r\n\t\t\t\t\t\t\t<div class=\"upvote-section\">\r\n\t\t\t\t\t\t\t\t<span data-post-id=\"171\" data-item-title=\"Les Neztoiles\" data-item-link=\"https:\/\/www.neztoiles.com\/les-neztoiles\" class=\"upvote-btn upvote-on\">\r\n\t\t\t\t\t\t\t\t\t<i class=\"fa fa-thumbs-up\"><\/i>\r\n\t\t\t\t\t\t\t\t<\/span>\r\n\t\t\t\t\t\t\t\t<span class=\"upvote-count\">\r\n\t\t\t\t\t\t\t\t\t7\t\t\t\t\t\t\t\t<\/span>\r\n\t\t\t\t\t\t\t<\/div>\r\n\t\t\t\t\t\t\t<!-- \/upvote section -->\r\n\r\n\t\t\t\t\t\t\t\t\t\t\t\t\r\n\t\t\t\t\t<\/li>\r\n\t\t\t\t\t\r\n\t\t\t\t\t<li id=\"item-171-5\" style=\"\">\r\n\t\t\t\t\t\t\t\t\t\t\t\t<!-- List Anchor -->\r\n\t\t\t\t\t\t<a   href=\"http:\/\/vivresondeuil.asso.fr\/\"\r\n\t\t\t\t\t\t\ttarget=\"_blank\">\r\n\r\n\t\t\t\t\t\t\t<!-- Image, If Present -->\r\n\t\t\t\t\t\t\t\t\t\t\t\t\t\t\t<span class=\"list-img\">\r\n\t\t\t\t\t\t\t\t\t\t\t\t\t\t\t\t\t\t<img decoding=\"async\" src=\"https:\/\/www.pourtantlavie.org\/wp-content\/uploads\/2018\/07\/logo-federation-europeenne-vivre-son-deuil-150x87.png\" alt=\"F\u00e9d\u00e9ration Europ\u00e9enne Vivre Son Deuil (fevsd)\">\r\n\t\t\t\t\t\t\t\t<\/span>\r\n\t\t\t\t\t\t\t\r\n\t\t\t\t\t\t\t<!-- Link Text -->\r\n\t\t\t\t\t\t\tF\u00e9d\u00e9ration Europ\u00e9enne Vivre Son Deuil (fevsd)\r\n\t\t\t\t\t\t<\/a>\r\n\t\t\t\t\t\t\r\n\t\t\t\t\t\t\t<!-- upvote section -->\r\n\t\t\t\t\t\t\t<div class=\"upvote-section\">\r\n\t\t\t\t\t\t\t\t<span data-post-id=\"171\" data-item-title=\"F\u00e9d\u00e9ration Europ\u00e9enne Vivre Son Deuil (fevsd)\" data-item-link=\"http:\/\/vivresondeuil.asso.fr\/\" class=\"upvote-btn upvote-on\">\r\n\t\t\t\t\t\t\t\t\t<i class=\"fa fa-thumbs-up\"><\/i>\r\n\t\t\t\t\t\t\t\t<\/span>\r\n\t\t\t\t\t\t\t\t<span class=\"upvote-count\">\r\n\t\t\t\t\t\t\t\t\t7\t\t\t\t\t\t\t\t<\/span>\r\n\t\t\t\t\t\t\t<\/div>\r\n\t\t\t\t\t\t\t<!-- \/upvote section -->\r\n\r\n\t\t\t\t\t\t\t\t\t\t\t\t\r\n\t\t\t\t\t<\/li>\r\n\t\t\t\t\t\r\n\t\t\t\t\t<li id=\"item-171-6\" style=\"\">\r\n\t\t\t\t\t\t\t\t\t\t\t\t<!-- List Anchor -->\r\n\t\t\t\t\t\t<a   href=\"http:\/\/sandrameunier.com\/\"\r\n\t\t\t\t\t\t\ttarget=\"_blank\">\r\n\r\n\t\t\t\t\t\t\t<!-- Image, If Present -->\r\n\t\t\t\t\t\t\t\t\t\t\t\t\t\t\t<span class=\"list-img\">\r\n\t\t\t\t\t\t\t\t\t<img decoding=\"async\" src=\"https:\/\/www.pourtantlavie.org\/wp-content\/plugins\/simple-link-directory\/assets\/images\/list-image-placeholder.png\" alt=\"\">\r\n\t\t\t\t\t\t\t\t<\/span>\r\n\t\t\t\t\t\t\t\r\n\t\t\t\t\t\t\t<!-- Link Text -->\r\n\t\t\t\t\t\t\tAnabelle (Neztoiles)\r\n\t\t\t\t\t\t<\/a>\r\n\t\t\t\t\t\t\r\n\t\t\t\t\t\t\t<!-- upvote section -->\r\n\t\t\t\t\t\t\t<div class=\"upvote-section\">\r\n\t\t\t\t\t\t\t\t<span data-post-id=\"171\" data-item-title=\"Anabelle (Neztoiles)\" data-item-link=\"http:\/\/sandrameunier.com\/\" class=\"upvote-btn upvote-on\">\r\n\t\t\t\t\t\t\t\t\t<i class=\"fa fa-thumbs-up\"><\/i>\r\n\t\t\t\t\t\t\t\t<\/span>\r\n\t\t\t\t\t\t\t\t<span class=\"upvote-count\">\r\n\t\t\t\t\t\t\t\t\t14\t\t\t\t\t\t\t\t<\/span>\r\n\t\t\t\t\t\t\t<\/div>\r\n\t\t\t\t\t\t\t<!-- \/upvote section -->\r\n\r\n\t\t\t\t\t\t\t\t\t\t\t\t\r\n\t\t\t\t\t<\/li>\r\n\t\t\t\t\t\r\n\t\t\t\t\t<li id=\"item-171-7\" style=\"\">\r\n\t\t\t\t\t\t\t\t\t\t\t\t<!-- List Anchor -->\r\n\t\t\t\t\t\t<a   href=\"https:\/\/www.journaux-paroissiaux.com\/journaux\/roanne-lumiere-sur-la-ville\"\r\n\t\t\t\t\t\t\ttarget=\"_blank\">\r\n\r\n\t\t\t\t\t\t\t<!-- Image, If Present -->\r\n\t\t\t\t\t\t\t\t\t\t\t\t\t\t\t<span class=\"list-img\">\r\n\t\t\t\t\t\t\t\t\t\t\t\t\t\t\t\t\t\t<img decoding=\"async\" src=\"https:\/\/www.pourtantlavie.org\/wp-content\/uploads\/2018\/07\/lumiere_sur_la_ville.png\" alt=\"Lumi\u00e8re sur la ville\">\r\n\t\t\t\t\t\t\t\t<\/span>\r\n\t\t\t\t\t\t\t\r\n\t\t\t\t\t\t\t<!-- Link Text -->\r\n\t\t\t\t\t\t\tLumi\u00e8re sur la ville\r\n\t\t\t\t\t\t<\/a>\r\n\t\t\t\t\t\t\r\n\t\t\t\t\t\t\t<!-- upvote section -->\r\n\t\t\t\t\t\t\t<div class=\"upvote-section\">\r\n\t\t\t\t\t\t\t\t<span data-post-id=\"171\" data-item-title=\"Lumi\u00e8re sur la ville\" data-item-link=\"https:\/\/www.journaux-paroissiaux.com\/journaux\/roanne-lumiere-sur-la-ville\" class=\"upvote-btn upvote-on\">\r\n\t\t\t\t\t\t\t\t\t<i class=\"fa fa-thumbs-up\"><\/i>\r\n\t\t\t\t\t\t\t\t<\/span>\r\n\t\t\t\t\t\t\t\t<span class=\"upvote-count\">\r\n\t\t\t\t\t\t\t\t\t4\t\t\t\t\t\t\t\t<\/span>\r\n\t\t\t\t\t\t\t<\/div>\r\n\t\t\t\t\t\t\t<!-- \/upvote section -->\r\n\r\n\t\t\t\t\t\t\t\t\t\t\t\t\r\n\t\t\t\t\t<\/li>\r\n\t\t\t\t\t\t\t\t\t<\/ul>\r\n\r\n\t\t\t<\/div>\r\n\r\n\t\t<\/div>\r\n\t\t<!-- \/Individual List Item -->\r\n\r\n\t\t\r\n\t\t<div class=\"sld-clearfix\"><\/div>\r\n\t\t\t<\/div>\r\n\t\t<div class=\"sld-clearfix\"><\/div>\r\n\t<\/div><\/div><\/td>\n<\/tr>\n<\/tbody>\n<\/table>\n","protected":false},"excerpt":{"rendered":"","protected":false},"author":1,"featured_media":0,"parent":0,"menu_order":0,"comment_status":"closed","ping_status":"closed","template":"","meta":{"footnotes":""},"class_list":["post-174","page","type-page","status-publish","hentry"],"_links":{"self":[{"href":"https:\/\/www.pourtantlavie.org\/index.php\/wp-json\/wp\/v2\/pages\/174","targetHints":{"allow":["GET"]}}],"collection":[{"href":"https:\/\/www.pourtantlavie.org\/index.php\/wp-json\/wp\/v2\/pages"}],"about":[{"href":"https:\/\/www.pourtantlavie.org\/index.php\/wp-json\/wp\/v2\/types\/page"}],"author":[{"embeddable":true,"href":"https:\/\/www.pourtantlavie.org\/index.php\/wp-json\/wp\/v2\/users\/1"}],"replies":[{"embeddable":true,"href":"https:\/\/www.pourtantlavie.org\/index.php\/wp-json\/wp\/v2\/comments?post=174"}],"version-history":[{"count":2,"href":"https:\/\/www.pourtantlavie.org\/index.php\/wp-json\/wp\/v2\/pages\/174\/revisions"}],"predecessor-version":[{"id":176,"href":"https:\/\/www.pourtantlavie.org\/index.php\/wp-json\/wp\/v2\/pages\/174\/revisions\/176"}],"wp:attachment":[{"href":"https:\/\/www.pourtantlavie.org\/index.php\/wp-json\/wp\/v2\/media?parent=174"}],"curies":[{"name":"wp","href":"https:\/\/api.w.org\/{rel}","templated":true}]}}