{"id":1037,"date":"2020-03-19T22:37:37","date_gmt":"2020-03-19T22:37:37","guid":{"rendered":"https:\/\/www.pourtantlavie.org\/?page_id=1037"},"modified":"2020-03-19T22:37:37","modified_gmt":"2020-03-19T22:37:37","slug":"schema-projet-nouvelle-organisation","status":"publish","type":"page","link":"https:\/\/www.pourtantlavie.org\/index.php\/schema-projet-nouvelle-organisation\/","title":{"rendered":"Sch\u00e9ma projet nouvelle organisation."},"content":{"rendered":"\n<p>L\u2019association comprend deux instances : l\u2019Assembl\u00e9e G\u00e9n\u00e9rale et le bureau.<\/p>\n<p>Le bureau est appel\u00e9 Le Ch\u0153ur pour \u00e9voquer une instance d\u00e9mocratique, horizontale, coop\u00e9rative et coordinatrice o\u00f9 chacun joue sa partition.<\/p>\n<p>Pour r\u00e9pondre aux diff\u00e9rents objectifs l\u2019association met en place des groupes de travail appel\u00e9s ateliers qui assurent la mise en \u0153uvre concr\u00e8te de l\u2019objet associatif.<\/p>\n<p>&#8211; Atelier Partages\u00a0: G\u00e8re groupe de partages sur l\u2019accompagnement, tous projets et \u00e9v\u00e9nements portant sur l\u2019accompagnement des malades et des proches<\/p>\n<p>&#8211; Atelier Deuil\u00a0: G\u00e8re groupe d\u2019entraide personnes endeuill\u00e9es, entretiens d\u2019aide, caf\u00e9s mortels et tous projets \/ deuil<\/p>\n<p>&#8211; Atelier sensibilisation, formations\u00a0: G\u00e8re grands \u00e9v\u00e9nements\u00a0: Journ\u00e9e Mondiale des Soins Palliatifs, journ\u00e9es interprofessionnelles, et autres interventions d\u2019information sensibilisation<\/p>\n<p>Chaque atelier est \u00e0 l\u2019initiative de projets et les g\u00e8re et est repr\u00e9sent\u00e9 au Ch\u0153ur qui d\u00e9cide et coordonne.<\/p>\n<p>Le Ch\u0153ur de l\u2019association\u00a0comprend 6 \u00e9lus\u00a0: pr\u00e9sidence &#8211; repr\u00e9sentant l\u00e9gal f\u00e9d\u00e9rateur, communication-secr\u00e9tariat, et tr\u00e9sorerie-financement, et 3 r\u00e9f\u00e9rents \/ ateliers.<\/p>\n<p><img loading=\"lazy\" decoding=\"async\" class=\"wp-image-1039 aligncenter\" src=\"https:\/\/www.pourtantlavie.org\/wp-content\/uploads\/2020\/03\/choeur.jpg\" alt=\"\" width=\"625\" height=\"653\" \/><\/p>\n","protected":false},"excerpt":{"rendered":"<p>L\u2019association comprend deux instances : l\u2019Assembl\u00e9e G\u00e9n\u00e9rale et le bureau. Le bureau est appel\u00e9 Le Ch\u0153ur pour \u00e9voquer une instance d\u00e9mocratique, horizontale, coop\u00e9rative et coordinatrice o\u00f9 chacun joue sa partition. [&hellip;]<\/p>\n","protected":false},"author":1,"featured_media":0,"parent":0,"menu_order":0,"comment_status":"closed","ping_status":"closed","template":"","meta":{"footnotes":""},"class_list":["post-1037","page","type-page","status-publish","hentry"],"_links":{"self":[{"href":"https:\/\/www.pourtantlavie.org\/index.php\/wp-json\/wp\/v2\/pages\/1037","targetHints":{"allow":["GET"]}}],"collection":[{"href":"https:\/\/www.pourtantlavie.org\/index.php\/wp-json\/wp\/v2\/pages"}],"about":[{"href":"https:\/\/www.pourtantlavie.org\/index.php\/wp-json\/wp\/v2\/types\/page"}],"author":[{"embeddable":true,"href":"https:\/\/www.pourtantlavie.org\/index.php\/wp-json\/wp\/v2\/users\/1"}],"replies":[{"embeddable":true,"href":"https:\/\/www.pourtantlavie.org\/index.php\/wp-json\/wp\/v2\/comments?post=1037"}],"version-history":[{"count":2,"href":"https:\/\/www.pourtantlavie.org\/index.php\/wp-json\/wp\/v2\/pages\/1037\/revisions"}],"predecessor-version":[{"id":1042,"href":"https:\/\/www.pourtantlavie.org\/index.php\/wp-json\/wp\/v2\/pages\/1037\/revisions\/1042"}],"wp:attachment":[{"href":"https:\/\/www.pourtantlavie.org\/index.php\/wp-json\/wp\/v2\/media?parent=1037"}],"curies":[{"name":"wp","href":"https:\/\/api.w.org\/{rel}","templated":true}]}}